{"id":2536,"date":"2024-08-19T11:42:09","date_gmt":"2024-08-19T09:42:09","guid":{"rendered":"https:\/\/sarahviolethearthealing.com\/?page_id=2536"},"modified":"2025-10-15T19:02:44","modified_gmt":"2025-10-15T17:02:44","slug":"shamanic-heart-healing","status":"publish","type":"page","link":"https:\/\/sarahviolethearthealing.com\/de\/shamanic-heart-healing\/","title":{"rendered":"Schamanische Herzheilung"},"content":{"rendered":"<div data-elementor-type=\"wp-page\" data-elementor-id=\"2536\" class=\"elementor elementor-2536\" data-elementor-post-type=\"page\">\n\t\t\t\t<div class=\"elementor-element elementor-element-bb59279 e-con-full e-flex e-con e-parent\" data-id=\"bb59279\" data-element_type=\"container\" data-settings=\"{&quot;background_background&quot;:&quot;classic&quot;}\">\n\t\t<div class=\"elementor-element elementor-element-d9ac8ab e-con-full e-flex e-con e-child\" data-id=\"d9ac8ab\" data-element_type=\"container\">\n\t\t\t\t<div class=\"elementor-element elementor-element-9d3d17f elementor-widget elementor-widget-image\" data-id=\"9d3d17f\" data-element_type=\"widget\" data-widget_type=\"image.default\">\n\t\t\t\t<div class=\"elementor-widget-container\">\n\t\t\t\t\t\t\t\t\t\t\t\t\t\t\t<img fetchpriority=\"high\" decoding=\"async\" width=\"694\" height=\"586\" src=\"https:\/\/sarahviolethearthealing.com\/wp-content\/uploads\/2024\/07\/111_SVHH-logo-text.png\" class=\"attachment-large size-large wp-image-760\" alt=\"\" srcset=\"https:\/\/sarahviolethearthealing.com\/wp-content\/uploads\/2024\/07\/111_SVHH-logo-text.png 694w, https:\/\/sarahviolethearthealing.com\/wp-content\/uploads\/2024\/07\/111_SVHH-logo-text-300x253.png 300w\" sizes=\"(max-width: 694px) 100vw, 694px\" \/>\t\t\t\t\t\t\t\t\t\t\t\t\t\t\t<\/div>\n\t\t\t\t<\/div>\n\t\t\t\t<\/div>\n\t\t\t\t<\/div>\n\t\t<div class=\"elementor-element elementor-element-710b1b5 e-con-full e-flex e-con e-parent\" data-id=\"710b1b5\" data-element_type=\"container\" data-settings=\"{&quot;background_background&quot;:&quot;classic&quot;}\">\n\t\t\t\t<div class=\"elementor-element elementor-element-b625120 hfe-nav-menu__align-center hfe-nav-menu__breakpoint-none hfe-submenu-icon-classic hfe-submenu-animation-none hfe-link-redirect-child elementor-widget elementor-widget-navigation-menu\" data-id=\"b625120\" data-element_type=\"widget\" data-settings=\"{&quot;padding_vertical_menu_item_mobile&quot;:{&quot;unit&quot;:&quot;px&quot;,&quot;size&quot;:9,&quot;sizes&quot;:[]},&quot;padding_horizontal_menu_item_mobile&quot;:{&quot;unit&quot;:&quot;px&quot;,&quot;size&quot;:9,&quot;sizes&quot;:[]},&quot;padding_vertical_menu_item_tablet&quot;:{&quot;unit&quot;:&quot;px&quot;,&quot;size&quot;:9,&quot;sizes&quot;:[]},&quot;padding_horizontal_menu_item_tablet&quot;:{&quot;unit&quot;:&quot;px&quot;,&quot;size&quot;:18,&quot;sizes&quot;:[]},&quot;padding_horizontal_menu_item&quot;:{&quot;unit&quot;:&quot;px&quot;,&quot;size&quot;:15,&quot;sizes&quot;:[]},&quot;padding_vertical_menu_item&quot;:{&quot;unit&quot;:&quot;px&quot;,&quot;size&quot;:15,&quot;sizes&quot;:[]},&quot;menu_space_between&quot;:{&quot;unit&quot;:&quot;px&quot;,&quot;size&quot;:&quot;&quot;,&quot;sizes&quot;:[]},&quot;menu_space_between_tablet&quot;:{&quot;unit&quot;:&quot;px&quot;,&quot;size&quot;:&quot;&quot;,&quot;sizes&quot;:[]},&quot;menu_space_between_mobile&quot;:{&quot;unit&quot;:&quot;px&quot;,&quot;size&quot;:&quot;&quot;,&quot;sizes&quot;:[]},&quot;menu_row_space&quot;:{&quot;unit&quot;:&quot;px&quot;,&quot;size&quot;:&quot;&quot;,&quot;sizes&quot;:[]},&quot;menu_row_space_tablet&quot;:{&quot;unit&quot;:&quot;px&quot;,&quot;size&quot;:&quot;&quot;,&quot;sizes&quot;:[]},&quot;menu_row_space_mobile&quot;:{&quot;unit&quot;:&quot;px&quot;,&quot;size&quot;:&quot;&quot;,&quot;sizes&quot;:[]},&quot;dropdown_border_radius&quot;:{&quot;unit&quot;:&quot;px&quot;,&quot;top&quot;:&quot;&quot;,&quot;right&quot;:&quot;&quot;,&quot;bottom&quot;:&quot;&quot;,&quot;left&quot;:&quot;&quot;,&quot;isLinked&quot;:true},&quot;dropdown_border_radius_tablet&quot;:{&quot;unit&quot;:&quot;px&quot;,&quot;top&quot;:&quot;&quot;,&quot;right&quot;:&quot;&quot;,&quot;bottom&quot;:&quot;&quot;,&quot;left&quot;:&quot;&quot;,&quot;isLinked&quot;:true},&quot;dropdown_border_radius_mobile&quot;:{&quot;unit&quot;:&quot;px&quot;,&quot;top&quot;:&quot;&quot;,&quot;right&quot;:&quot;&quot;,&quot;bottom&quot;:&quot;&quot;,&quot;left&quot;:&quot;&quot;,&quot;isLinked&quot;:true},&quot;width_dropdown_item&quot;:{&quot;unit&quot;:&quot;px&quot;,&quot;size&quot;:&quot;220&quot;,&quot;sizes&quot;:[]},&quot;width_dropdown_item_tablet&quot;:{&quot;unit&quot;:&quot;px&quot;,&quot;size&quot;:&quot;&quot;,&quot;sizes&quot;:[]},&quot;width_dropdown_item_mobile&quot;:{&quot;unit&quot;:&quot;px&quot;,&quot;size&quot;:&quot;&quot;,&quot;sizes&quot;:[]},&quot;padding_horizontal_dropdown_item&quot;:{&quot;unit&quot;:&quot;px&quot;,&quot;size&quot;:&quot;&quot;,&quot;sizes&quot;:[]},&quot;padding_horizontal_dropdown_item_tablet&quot;:{&quot;unit&quot;:&quot;px&quot;,&quot;size&quot;:&quot;&quot;,&quot;sizes&quot;:[]},&quot;padding_horizontal_dropdown_item_mobile&quot;:{&quot;unit&quot;:&quot;px&quot;,&quot;size&quot;:&quot;&quot;,&quot;sizes&quot;:[]},&quot;padding_vertical_dropdown_item&quot;:{&quot;unit&quot;:&quot;px&quot;,&quot;size&quot;:15,&quot;sizes&quot;:[]},&quot;padding_vertical_dropdown_item_tablet&quot;:{&quot;unit&quot;:&quot;px&quot;,&quot;size&quot;:&quot;&quot;,&quot;sizes&quot;:[]},&quot;padding_vertical_dropdown_item_mobile&quot;:{&quot;unit&quot;:&quot;px&quot;,&quot;size&quot;:&quot;&quot;,&quot;sizes&quot;:[]},&quot;distance_from_menu&quot;:{&quot;unit&quot;:&quot;px&quot;,&quot;size&quot;:&quot;&quot;,&quot;sizes&quot;:[]},&quot;distance_from_menu_tablet&quot;:{&quot;unit&quot;:&quot;px&quot;,&quot;size&quot;:&quot;&quot;,&quot;sizes&quot;:[]},&quot;distance_from_menu_mobile&quot;:{&quot;unit&quot;:&quot;px&quot;,&quot;size&quot;:&quot;&quot;,&quot;sizes&quot;:[]},&quot;toggle_size&quot;:{&quot;unit&quot;:&quot;px&quot;,&quot;size&quot;:&quot;&quot;,&quot;sizes&quot;:[]},&quot;toggle_size_tablet&quot;:{&quot;unit&quot;:&quot;px&quot;,&quot;size&quot;:&quot;&quot;,&quot;sizes&quot;:[]},&quot;toggle_size_mobile&quot;:{&quot;unit&quot;:&quot;px&quot;,&quot;size&quot;:&quot;&quot;,&quot;sizes&quot;:[]},&quot;toggle_border_width&quot;:{&quot;unit&quot;:&quot;px&quot;,&quot;size&quot;:&quot;&quot;,&quot;sizes&quot;:[]},&quot;toggle_border_width_tablet&quot;:{&quot;unit&quot;:&quot;px&quot;,&quot;size&quot;:&quot;&quot;,&quot;sizes&quot;:[]},&quot;toggle_border_width_mobile&quot;:{&quot;unit&quot;:&quot;px&quot;,&quot;size&quot;:&quot;&quot;,&quot;sizes&quot;:[]},&quot;toggle_border_radius&quot;:{&quot;unit&quot;:&quot;px&quot;,&quot;size&quot;:&quot;&quot;,&quot;sizes&quot;:[]},&quot;toggle_border_radius_tablet&quot;:{&quot;unit&quot;:&quot;px&quot;,&quot;size&quot;:&quot;&quot;,&quot;sizes&quot;:[]},&quot;toggle_border_radius_mobile&quot;:{&quot;unit&quot;:&quot;px&quot;,&quot;size&quot;:&quot;&quot;,&quot;sizes&quot;:[]}}\" data-widget_type=\"navigation-menu.default\">\n\t\t\t\t<div class=\"elementor-widget-container\">\n\t\t\t\t\t\t\t\t<div class=\"hfe-nav-menu hfe-layout-horizontal hfe-nav-menu-layout horizontal hfe-pointer__none\" data-layout=\"horizontal\">\n\t\t\t\t<div role=\"button\" class=\"hfe-nav-menu__toggle elementor-clickable\" tabindex=\"0\" aria-label=\"Menu Toggle\">\n\t\t\t\t\t<span class=\"screen-reader-text\">Men\u00fc<\/span>\n\t\t\t\t\t<div class=\"hfe-nav-menu-icon\">\n\t\t\t\t\t\t\t\t\t\t\t<\/div>\n\t\t\t\t<\/div>\n\t\t\t\t<nav itemscope=\"itemscope\" itemtype=\"https:\/\/schema.org\/SiteNavigationElement\" class=\"hfe-nav-menu__layout-horizontal hfe-nav-menu__submenu-classic\" data-toggle-icon=\"\" data-close-icon=\"\" data-full-width=\"\">\n\t\t\t\t\t<ul id=\"menu-1-b625120\" class=\"hfe-nav-menu\"><li id=\"menu-item-2461\" itemprop=\"name\" class=\"menu-item menu-item-type-post_type menu-item-object-page menu-item-home parent hfe-creative-menu\"><a href=\"https:\/\/sarahviolethearthealing.com\/de\/\" itemprop=\"url\" class = \"hfe-menu-item\">Startseite<\/a><\/li>\n<li id=\"menu-item-607\" itemprop=\"name\" class=\"menu-item menu-item-type-post_type menu-item-object-page parent hfe-creative-menu\"><a href=\"https:\/\/sarahviolethearthealing.com\/de\/services\/\" itemprop=\"url\" class = \"hfe-menu-item\">Services<\/a><\/li>\n<li id=\"menu-item-605\" itemprop=\"name\" class=\"menu-item menu-item-type-post_type menu-item-object-page parent hfe-creative-menu\"><a href=\"https:\/\/sarahviolethearthealing.com\/de\/about-me\/\" itemprop=\"url\" class = \"hfe-menu-item\">\u00dcber mich<\/a><\/li>\n<li id=\"menu-item-604\" itemprop=\"name\" class=\"menu-item menu-item-type-post_type menu-item-object-page parent hfe-creative-menu\"><a href=\"https:\/\/sarahviolethearthealing.com\/de\/contact\/\" itemprop=\"url\" class = \"hfe-menu-item\">Kontakt<\/a><\/li>\n<li id=\"menu-item-4409\" itemprop=\"name\" class=\"menu-item menu-item-type-post_type menu-item-object-page parent hfe-creative-menu\"><a href=\"https:\/\/sarahviolethearthealing.com\/de\/testimonials\/\" itemprop=\"url\" class = \"hfe-menu-item\">Referenzen<\/a><\/li>\n<li id=\"menu-item-606\" itemprop=\"name\" class=\"menu-item menu-item-type-post_type menu-item-object-page parent hfe-creative-menu\"><a href=\"https:\/\/sarahviolethearthealing.com\/de\/faq\/\" itemprop=\"url\" class = \"hfe-menu-item\">FAQ<\/a><\/li>\n<\/ul> \n\t\t\t\t<\/nav>\n\t\t\t<\/div>\n\t\t\t\t\t\t\t<\/div>\n\t\t\t\t<\/div>\n\t\t\t\t<\/div>\n\t\t<div class=\"elementor-element elementor-element-ea0908e e-flex e-con-boxed e-con e-parent\" data-id=\"ea0908e\" data-element_type=\"container\">\n\t\t\t\t\t<div class=\"e-con-inner\">\n\t\t\t\t<div class=\"elementor-element elementor-element-8e8cf57 elementor-widget__width-initial animated-slow elementor-invisible elementor-widget elementor-widget-text-editor\" data-id=\"8e8cf57\" data-element_type=\"widget\" data-settings=\"{&quot;_animation&quot;:&quot;zoomIn&quot;}\" data-widget_type=\"text-editor.default\">\n\t\t\t\t<div class=\"elementor-widget-container\">\n\t\t\t\t\t\t\t\t\t<p>Schamanische Herzheilung<\/p>\t\t\t\t\t\t\t\t<\/div>\n\t\t\t\t<\/div>\n\t\t\t\t\t<\/div>\n\t\t\t\t<\/div>\n\t\t<div class=\"elementor-element elementor-element-286bc3e e-flex e-con-boxed e-con e-parent\" data-id=\"286bc3e\" data-element_type=\"container\">\n\t\t\t\t\t<div class=\"e-con-inner\">\n\t\t\t\t<div class=\"elementor-element elementor-element-e4f48c8 animated-slow elementor-invisible elementor-widget elementor-widget-image\" data-id=\"e4f48c8\" data-element_type=\"widget\" data-settings=\"{&quot;_animation&quot;:&quot;zoomIn&quot;}\" data-widget_type=\"image.default\">\n\t\t\t\t<div class=\"elementor-widget-container\">\n\t\t\t\t\t\t\t\t\t\t\t\t\t\t\t<img decoding=\"async\" width=\"345\" height=\"312\" src=\"https:\/\/sarahviolethearthealing.com\/wp-content\/uploads\/2024\/08\/Shamanic-Heart-healing.png\" class=\"attachment-medium_large size-medium_large wp-image-2548\" alt=\"\" srcset=\"https:\/\/sarahviolethearthealing.com\/wp-content\/uploads\/2024\/08\/Shamanic-Heart-healing.png 345w, https:\/\/sarahviolethearthealing.com\/wp-content\/uploads\/2024\/08\/Shamanic-Heart-healing-300x271.png 300w\" sizes=\"(max-width: 345px) 100vw, 345px\" \/>\t\t\t\t\t\t\t\t\t\t\t\t\t\t\t<\/div>\n\t\t\t\t<\/div>\n\t\t\t\t\t<\/div>\n\t\t\t\t<\/div>\n\t\t<div class=\"elementor-element elementor-element-663ba51 e-flex e-con-boxed e-con e-parent\" data-id=\"663ba51\" data-element_type=\"container\" data-settings=\"{&quot;background_background&quot;:&quot;gradient&quot;}\">\n\t\t\t\t\t<div class=\"e-con-inner\">\n\t\t<div class=\"elementor-element elementor-element-6ae43ed e-con-full e-flex e-con e-child\" data-id=\"6ae43ed\" data-element_type=\"container\" data-settings=\"{&quot;background_background&quot;:&quot;classic&quot;}\">\n\t\t\t\t<div class=\"elementor-element elementor-element-3bfb5c6 elementor-widget elementor-widget-text-editor\" data-id=\"3bfb5c6\" data-element_type=\"widget\" data-widget_type=\"text-editor.default\">\n\t\t\t\t<div class=\"elementor-widget-container\">\n\t\t\t\t\t\t\t\t\t<p style=\"text-align: center;\"><strong>Der Service beinhaltet:<\/strong><\/p><p style=\"text-align: left;\"><em><u>Vor der Sitzung<\/u><\/em>:<br \/>Um mich auf deine einzigartige Energie einzustimmen, erhalte ich deine pers\u00f6nlichen Informationen w\u00e4hrend meiner Meditation, Tage bevor unsere Sitzung beginnt. Diese Informationen beinhalten dein individuelles Medizinrad, Kristalle und andere Elemente, die wir in der Sitzung verwenden, sowie besondere Anleitung.\u00a0<\/p><p style=\"text-align: left;\"><em><u>W\u00e4hrend der Sitzung<\/u><\/em>:<br \/>- Reinigung deines Energiefeldes<br \/>- Entfernen externer Energien und Besetzungen, die nicht zu dir geh\u00f6ren<br \/>- Ausbalancieren deiner sieben Chakren<br \/>- R\u00fcckf\u00fchrung deiner verlorenen Seelenanteile aus verschiedenen Welten und Zeitlinien<br \/>- G\u00f6ttliche Energie durch dein System flie\u00dfen lassen, um alles zu heilen, was dich k\u00f6rperlich, emotional, mental und spirituell belastet<\/p><p style=\"text-align: left;\"><em><u>Am Ende der Sitzung<\/u><\/em>:<br \/>Ich werde dir die folgenden Informationen zur Verf\u00fcgung stellen:\u00a0<br \/>- Die Arten von Energien und\/oder Besetzungen, bei denen ich geholfen habe<br \/>- Die verlorenen Seelenanteile, die zur\u00fcckgebracht wurden<br \/>- Die Botschaften, die ich f\u00fcr dich empfangen habe<br \/>- Wie du dich mit deinen verlorenen Seelenanteilen verbinden kannst<br \/>- Welche Praktiken du in deinem t\u00e4glichen Leben fortsetzen kannst<br \/>Bitte stelle sicher, dass du einen Stift und Papier bereit hast, um diese Informationen am Ende der Sitzung aufzuschreiben.<\/p>\t\t\t\t\t\t\t\t<\/div>\n\t\t\t\t<\/div>\n\t\t\t\t<div class=\"elementor-element elementor-element-321dfc7 elementor-widget elementor-widget-text-editor\" data-id=\"321dfc7\" data-element_type=\"widget\" data-widget_type=\"text-editor.default\">\n\t\t\t\t<div class=\"elementor-widget-container\">\n\t\t\t\t\t\t\t\t\t<p>60-Minuten-Sitzung<br>F\u00fcr Erwachsene &amp; Kinder<br>Energieausgleich: 222 \u20ac<\/p>\t\t\t\t\t\t\t\t<\/div>\n\t\t\t\t<\/div>\n\t\t\t\t<div class=\"elementor-element elementor-element-0172c2e elementor-button-info elementor-align-center animated-slow elementor-invisible elementor-widget elementor-widget-button\" data-id=\"0172c2e\" data-element_type=\"widget\" data-settings=\"{&quot;_animation&quot;:&quot;flash&quot;}\" data-widget_type=\"button.default\">\n\t\t\t\t<div class=\"elementor-widget-container\">\n\t\t\t\t\t\t\t\t\t<div class=\"elementor-button-wrapper\">\n\t\t\t\t\t<a class=\"elementor-button elementor-button-link elementor-size-sm\" href=\"\/de\/Contact\/\">\n\t\t\t\t\t\t<span class=\"elementor-button-content-wrapper\">\n\t\t\t\t\t\t\t\t\t<span class=\"elementor-button-text\">Kontakt<\/span>\n\t\t\t\t\t<\/span>\n\t\t\t\t\t<\/a>\n\t\t\t\t<\/div>\n\t\t\t\t\t\t\t\t<\/div>\n\t\t\t\t<\/div>\n\t\t\t\t<\/div>\n\t\t\t\t\t<\/div>\n\t\t\t\t<\/div>\n\t\t\t\t<\/div>","protected":false},"excerpt":{"rendered":"<p>Menu Home Services About Me Contact Testimonials FAQ Shamanic Heart Healing Service includes: Before the session:To align with your unique energy, I receive your personal information during my meditation days before our session begins. The information includes your individual medicine wheel, crystals and other elements we use in the session, as well as special guidance.\u00a0 During the session:&#8211; Cleansing your energy field&#8211; Removing external energies and entities that don\u00b4t belong to you&#8211; Balancing your seven chakras&#8211; Bringing back your lost soul parts from different worlds and timelines&#8211; Allowing divine energy to flow through your system, healing whatever ails you physically, emotionally, mentally and spiritually At the end of the Session:I will provide you with the following Information:\u00a0&#8211; The types of energies or\/and entities I helped with&#8211; The lost soul parts that have been brought back&#8211; The messages I received for you&#8211; How you can connect with your lost soul parts&#8211; What practices you can continue in your daily lifePlease be sure to have a pen and paper ready to write down this information at the end of the session. 60-Minute SessionFor Adults &amp; ChildrenEnergy Balance: 222 \u20ac Contact<\/p>","protected":false},"author":1,"featured_media":0,"parent":0,"menu_order":0,"comment_status":"closed","ping_status":"closed","template":"elementor_header_footer","meta":{"inline_featured_image":false,"_monsterinsights_skip_tracking":false,"_monsterinsights_sitenote_active":false,"_monsterinsights_sitenote_note":"","_monsterinsights_sitenote_category":0,"footnotes":""},"aioseo_notices":[],"_links":{"self":[{"href":"https:\/\/sarahviolethearthealing.com\/de\/wp-json\/wp\/v2\/pages\/2536"}],"collection":[{"href":"https:\/\/sarahviolethearthealing.com\/de\/wp-json\/wp\/v2\/pages"}],"about":[{"href":"https:\/\/sarahviolethearthealing.com\/de\/wp-json\/wp\/v2\/types\/page"}],"author":[{"embeddable":true,"href":"https:\/\/sarahviolethearthealing.com\/de\/wp-json\/wp\/v2\/users\/1"}],"replies":[{"embeddable":true,"href":"https:\/\/sarahviolethearthealing.com\/de\/wp-json\/wp\/v2\/comments?post=2536"}],"version-history":[{"count":319,"href":"https:\/\/sarahviolethearthealing.com\/de\/wp-json\/wp\/v2\/pages\/2536\/revisions"}],"predecessor-version":[{"id":9248,"href":"https:\/\/sarahviolethearthealing.com\/de\/wp-json\/wp\/v2\/pages\/2536\/revisions\/9248"}],"wp:attachment":[{"href":"https:\/\/sarahviolethearthealing.com\/de\/wp-json\/wp\/v2\/media?parent=2536"}],"curies":[{"name":"wp","href":"https:\/\/api.w.org\/{rel}","templated":true}]}}