{"id":2541,"date":"2024-08-19T11:43:35","date_gmt":"2024-08-19T09:43:35","guid":{"rendered":"https:\/\/sarahviolethearthealing.com\/?page_id=2541"},"modified":"2025-10-15T19:03:35","modified_gmt":"2025-10-15T17:03:35","slug":"transfer-of-high-frequency-healing-energy","status":"publish","type":"page","link":"https:\/\/sarahviolethearthealing.com\/de\/transfer-of-high-frequency-healing-energy\/","title":{"rendered":"\u00dcbertragung hochfrequenter Heilenergie"},"content":{"rendered":"<div data-elementor-type=\"wp-page\" data-elementor-id=\"2541\" class=\"elementor elementor-2541\" data-elementor-post-type=\"page\">\n\t\t\t\t<div class=\"elementor-element elementor-element-23eb4a1 e-con-full e-flex e-con e-parent\" data-id=\"23eb4a1\" data-element_type=\"container\" data-settings=\"{&quot;background_background&quot;:&quot;classic&quot;}\">\n\t\t<div class=\"elementor-element elementor-element-783f7a2 e-con-full e-flex e-con e-child\" data-id=\"783f7a2\" data-element_type=\"container\">\n\t\t\t\t<div class=\"elementor-element elementor-element-526aee1 elementor-widget elementor-widget-image\" data-id=\"526aee1\" data-element_type=\"widget\" data-widget_type=\"image.default\">\n\t\t\t\t<div class=\"elementor-widget-container\">\n\t\t\t\t\t\t\t\t\t\t\t\t\t\t\t<img fetchpriority=\"high\" decoding=\"async\" width=\"694\" height=\"586\" src=\"https:\/\/sarahviolethearthealing.com\/wp-content\/uploads\/2024\/07\/111_SVHH-logo-text.png\" class=\"attachment-large size-large wp-image-760\" alt=\"\" srcset=\"https:\/\/sarahviolethearthealing.com\/wp-content\/uploads\/2024\/07\/111_SVHH-logo-text.png 694w, https:\/\/sarahviolethearthealing.com\/wp-content\/uploads\/2024\/07\/111_SVHH-logo-text-300x253.png 300w\" sizes=\"(max-width: 694px) 100vw, 694px\" \/>\t\t\t\t\t\t\t\t\t\t\t\t\t\t\t<\/div>\n\t\t\t\t<\/div>\n\t\t\t\t<\/div>\n\t\t\t\t<\/div>\n\t\t<div class=\"elementor-element elementor-element-ddef0ea e-con-full e-flex e-con e-parent\" data-id=\"ddef0ea\" data-element_type=\"container\" data-settings=\"{&quot;background_background&quot;:&quot;classic&quot;}\">\n\t\t\t\t<div class=\"elementor-element elementor-element-fbc4f25 hfe-nav-menu__align-center hfe-nav-menu__breakpoint-none hfe-submenu-icon-arrow hfe-submenu-animation-none hfe-link-redirect-child elementor-widget elementor-widget-navigation-menu\" data-id=\"fbc4f25\" data-element_type=\"widget\" data-settings=\"{&quot;padding_vertical_menu_item_tablet&quot;:{&quot;unit&quot;:&quot;px&quot;,&quot;size&quot;:9,&quot;sizes&quot;:[]},&quot;padding_vertical_menu_item_mobile&quot;:{&quot;unit&quot;:&quot;px&quot;,&quot;size&quot;:9,&quot;sizes&quot;:[]},&quot;padding_horizontal_menu_item_mobile&quot;:{&quot;unit&quot;:&quot;px&quot;,&quot;size&quot;:9,&quot;sizes&quot;:[]},&quot;padding_horizontal_menu_item_tablet&quot;:{&quot;unit&quot;:&quot;px&quot;,&quot;size&quot;:18,&quot;sizes&quot;:[]},&quot;padding_horizontal_menu_item&quot;:{&quot;unit&quot;:&quot;px&quot;,&quot;size&quot;:15,&quot;sizes&quot;:[]},&quot;padding_vertical_menu_item&quot;:{&quot;unit&quot;:&quot;px&quot;,&quot;size&quot;:15,&quot;sizes&quot;:[]},&quot;menu_space_between&quot;:{&quot;unit&quot;:&quot;px&quot;,&quot;size&quot;:&quot;&quot;,&quot;sizes&quot;:[]},&quot;menu_space_between_tablet&quot;:{&quot;unit&quot;:&quot;px&quot;,&quot;size&quot;:&quot;&quot;,&quot;sizes&quot;:[]},&quot;menu_space_between_mobile&quot;:{&quot;unit&quot;:&quot;px&quot;,&quot;size&quot;:&quot;&quot;,&quot;sizes&quot;:[]},&quot;menu_row_space&quot;:{&quot;unit&quot;:&quot;px&quot;,&quot;size&quot;:&quot;&quot;,&quot;sizes&quot;:[]},&quot;menu_row_space_tablet&quot;:{&quot;unit&quot;:&quot;px&quot;,&quot;size&quot;:&quot;&quot;,&quot;sizes&quot;:[]},&quot;menu_row_space_mobile&quot;:{&quot;unit&quot;:&quot;px&quot;,&quot;size&quot;:&quot;&quot;,&quot;sizes&quot;:[]},&quot;dropdown_border_radius&quot;:{&quot;unit&quot;:&quot;px&quot;,&quot;top&quot;:&quot;&quot;,&quot;right&quot;:&quot;&quot;,&quot;bottom&quot;:&quot;&quot;,&quot;left&quot;:&quot;&quot;,&quot;isLinked&quot;:true},&quot;dropdown_border_radius_tablet&quot;:{&quot;unit&quot;:&quot;px&quot;,&quot;top&quot;:&quot;&quot;,&quot;right&quot;:&quot;&quot;,&quot;bottom&quot;:&quot;&quot;,&quot;left&quot;:&quot;&quot;,&quot;isLinked&quot;:true},&quot;dropdown_border_radius_mobile&quot;:{&quot;unit&quot;:&quot;px&quot;,&quot;top&quot;:&quot;&quot;,&quot;right&quot;:&quot;&quot;,&quot;bottom&quot;:&quot;&quot;,&quot;left&quot;:&quot;&quot;,&quot;isLinked&quot;:true},&quot;width_dropdown_item&quot;:{&quot;unit&quot;:&quot;px&quot;,&quot;size&quot;:&quot;220&quot;,&quot;sizes&quot;:[]},&quot;width_dropdown_item_tablet&quot;:{&quot;unit&quot;:&quot;px&quot;,&quot;size&quot;:&quot;&quot;,&quot;sizes&quot;:[]},&quot;width_dropdown_item_mobile&quot;:{&quot;unit&quot;:&quot;px&quot;,&quot;size&quot;:&quot;&quot;,&quot;sizes&quot;:[]},&quot;padding_horizontal_dropdown_item&quot;:{&quot;unit&quot;:&quot;px&quot;,&quot;size&quot;:&quot;&quot;,&quot;sizes&quot;:[]},&quot;padding_horizontal_dropdown_item_tablet&quot;:{&quot;unit&quot;:&quot;px&quot;,&quot;size&quot;:&quot;&quot;,&quot;sizes&quot;:[]},&quot;padding_horizontal_dropdown_item_mobile&quot;:{&quot;unit&quot;:&quot;px&quot;,&quot;size&quot;:&quot;&quot;,&quot;sizes&quot;:[]},&quot;padding_vertical_dropdown_item&quot;:{&quot;unit&quot;:&quot;px&quot;,&quot;size&quot;:15,&quot;sizes&quot;:[]},&quot;padding_vertical_dropdown_item_tablet&quot;:{&quot;unit&quot;:&quot;px&quot;,&quot;size&quot;:&quot;&quot;,&quot;sizes&quot;:[]},&quot;padding_vertical_dropdown_item_mobile&quot;:{&quot;unit&quot;:&quot;px&quot;,&quot;size&quot;:&quot;&quot;,&quot;sizes&quot;:[]},&quot;distance_from_menu&quot;:{&quot;unit&quot;:&quot;px&quot;,&quot;size&quot;:&quot;&quot;,&quot;sizes&quot;:[]},&quot;distance_from_menu_tablet&quot;:{&quot;unit&quot;:&quot;px&quot;,&quot;size&quot;:&quot;&quot;,&quot;sizes&quot;:[]},&quot;distance_from_menu_mobile&quot;:{&quot;unit&quot;:&quot;px&quot;,&quot;size&quot;:&quot;&quot;,&quot;sizes&quot;:[]},&quot;toggle_size&quot;:{&quot;unit&quot;:&quot;px&quot;,&quot;size&quot;:&quot;&quot;,&quot;sizes&quot;:[]},&quot;toggle_size_tablet&quot;:{&quot;unit&quot;:&quot;px&quot;,&quot;size&quot;:&quot;&quot;,&quot;sizes&quot;:[]},&quot;toggle_size_mobile&quot;:{&quot;unit&quot;:&quot;px&quot;,&quot;size&quot;:&quot;&quot;,&quot;sizes&quot;:[]},&quot;toggle_border_width&quot;:{&quot;unit&quot;:&quot;px&quot;,&quot;size&quot;:&quot;&quot;,&quot;sizes&quot;:[]},&quot;toggle_border_width_tablet&quot;:{&quot;unit&quot;:&quot;px&quot;,&quot;size&quot;:&quot;&quot;,&quot;sizes&quot;:[]},&quot;toggle_border_width_mobile&quot;:{&quot;unit&quot;:&quot;px&quot;,&quot;size&quot;:&quot;&quot;,&quot;sizes&quot;:[]},&quot;toggle_border_radius&quot;:{&quot;unit&quot;:&quot;px&quot;,&quot;size&quot;:&quot;&quot;,&quot;sizes&quot;:[]},&quot;toggle_border_radius_tablet&quot;:{&quot;unit&quot;:&quot;px&quot;,&quot;size&quot;:&quot;&quot;,&quot;sizes&quot;:[]},&quot;toggle_border_radius_mobile&quot;:{&quot;unit&quot;:&quot;px&quot;,&quot;size&quot;:&quot;&quot;,&quot;sizes&quot;:[]}}\" data-widget_type=\"navigation-menu.default\">\n\t\t\t\t<div class=\"elementor-widget-container\">\n\t\t\t\t\t\t\t\t<div class=\"hfe-nav-menu hfe-layout-horizontal hfe-nav-menu-layout horizontal hfe-pointer__none\" data-layout=\"horizontal\">\n\t\t\t\t<div role=\"button\" class=\"hfe-nav-menu__toggle elementor-clickable\" tabindex=\"0\" aria-label=\"Menu Toggle\">\n\t\t\t\t\t<span class=\"screen-reader-text\">Men\u00fc<\/span>\n\t\t\t\t\t<div class=\"hfe-nav-menu-icon\">\n\t\t\t\t\t\t\t\t\t\t\t<\/div>\n\t\t\t\t<\/div>\n\t\t\t\t<nav itemscope=\"itemscope\" itemtype=\"https:\/\/schema.org\/SiteNavigationElement\" class=\"hfe-nav-menu__layout-horizontal hfe-nav-menu__submenu-arrow\" data-toggle-icon=\"\" data-close-icon=\"\" data-full-width=\"\">\n\t\t\t\t\t<ul id=\"menu-1-fbc4f25\" class=\"hfe-nav-menu\"><li id=\"menu-item-2461\" itemprop=\"name\" class=\"menu-item menu-item-type-post_type menu-item-object-page menu-item-home parent hfe-creative-menu\"><a href=\"https:\/\/sarahviolethearthealing.com\/de\/\" itemprop=\"url\" class = \"hfe-menu-item\">Startseite<\/a><\/li>\n<li id=\"menu-item-607\" itemprop=\"name\" class=\"menu-item menu-item-type-post_type menu-item-object-page parent hfe-creative-menu\"><a href=\"https:\/\/sarahviolethearthealing.com\/de\/services\/\" itemprop=\"url\" class = \"hfe-menu-item\">Services<\/a><\/li>\n<li id=\"menu-item-605\" itemprop=\"name\" class=\"menu-item menu-item-type-post_type menu-item-object-page parent hfe-creative-menu\"><a href=\"https:\/\/sarahviolethearthealing.com\/de\/about-me\/\" itemprop=\"url\" class = \"hfe-menu-item\">\u00dcber mich<\/a><\/li>\n<li id=\"menu-item-604\" itemprop=\"name\" class=\"menu-item menu-item-type-post_type menu-item-object-page parent hfe-creative-menu\"><a href=\"https:\/\/sarahviolethearthealing.com\/de\/contact\/\" itemprop=\"url\" class = \"hfe-menu-item\">Kontakt<\/a><\/li>\n<li id=\"menu-item-4409\" itemprop=\"name\" class=\"menu-item menu-item-type-post_type menu-item-object-page parent hfe-creative-menu\"><a href=\"https:\/\/sarahviolethearthealing.com\/de\/testimonials\/\" itemprop=\"url\" class = \"hfe-menu-item\">Referenzen<\/a><\/li>\n<li id=\"menu-item-606\" itemprop=\"name\" class=\"menu-item menu-item-type-post_type menu-item-object-page parent hfe-creative-menu\"><a href=\"https:\/\/sarahviolethearthealing.com\/de\/faq\/\" itemprop=\"url\" class = \"hfe-menu-item\">FAQ<\/a><\/li>\n<\/ul> \n\t\t\t\t<\/nav>\n\t\t\t<\/div>\n\t\t\t\t\t\t\t<\/div>\n\t\t\t\t<\/div>\n\t\t\t\t<\/div>\n\t\t<div class=\"elementor-element elementor-element-205a82f e-flex e-con-boxed e-con e-parent\" data-id=\"205a82f\" data-element_type=\"container\">\n\t\t\t\t\t<div class=\"e-con-inner\">\n\t\t\t\t<div class=\"elementor-element elementor-element-8974430 elementor-widget__width-initial animated-slow elementor-invisible elementor-widget elementor-widget-text-editor\" data-id=\"8974430\" data-element_type=\"widget\" data-settings=\"{&quot;_animation&quot;:&quot;zoomIn&quot;}\" data-widget_type=\"text-editor.default\">\n\t\t\t\t<div class=\"elementor-widget-container\">\n\t\t\t\t\t\t\t\t\t<p>\u00dcbertragung von hochfrequenter Heilenergie<\/p>\t\t\t\t\t\t\t\t<\/div>\n\t\t\t\t<\/div>\n\t\t\t\t\t<\/div>\n\t\t\t\t<\/div>\n\t\t<div class=\"elementor-element elementor-element-8cc4022 e-flex e-con-boxed e-con e-parent\" data-id=\"8cc4022\" data-element_type=\"container\">\n\t\t\t\t\t<div class=\"e-con-inner\">\n\t\t\t\t<div class=\"elementor-element elementor-element-9ffac32 animated-slow elementor-invisible elementor-widget elementor-widget-image\" data-id=\"9ffac32\" data-element_type=\"widget\" data-settings=\"{&quot;_animation&quot;:&quot;zoomIn&quot;}\" data-widget_type=\"image.default\">\n\t\t\t\t<div class=\"elementor-widget-container\">\n\t\t\t\t\t\t\t\t\t\t\t\t\t\t\t<img decoding=\"async\" width=\"249\" height=\"301\" src=\"https:\/\/sarahviolethearthealing.com\/wp-content\/uploads\/2024\/08\/Energy-transformation.png\" class=\"attachment-medium_large size-medium_large wp-image-2549\" alt=\"\" \/>\t\t\t\t\t\t\t\t\t\t\t\t\t\t\t<\/div>\n\t\t\t\t<\/div>\n\t\t\t\t\t<\/div>\n\t\t\t\t<\/div>\n\t\t<div class=\"elementor-element elementor-element-f2f7480 e-flex e-con-boxed e-con e-parent\" data-id=\"f2f7480\" data-element_type=\"container\" data-settings=\"{&quot;background_background&quot;:&quot;gradient&quot;}\">\n\t\t\t\t\t<div class=\"e-con-inner\">\n\t\t<div class=\"elementor-element elementor-element-aa11b7b e-con-full e-flex e-con e-child\" data-id=\"aa11b7b\" data-element_type=\"container\" data-settings=\"{&quot;background_background&quot;:&quot;classic&quot;}\">\n\t\t\t\t<div class=\"elementor-element elementor-element-41b94d9 elementor-widget elementor-widget-text-editor\" data-id=\"41b94d9\" data-element_type=\"widget\" data-widget_type=\"text-editor.default\">\n\t\t\t\t<div class=\"elementor-widget-container\">\n\t\t\t\t\t\t\t\t\t<p style=\"text-align: center;\"><strong>Der Service beinhaltet:<\/strong><\/p><p style=\"text-align: left;\">Die Sitzung beginnt mit Erdung und einer Herzmeditation. Vom Herzzentrum aus, geleitet von den aufgestiegenen Meistern Guan Yin, Erzengel Michael, Jesus Christus und unserem h\u00f6heren Selbst, \u00fcbertrage ich die hochfrequente Heilenergie auf deine Energiezentren (die sieben Chakren) und Energiefelder (die drei Dantians im Tao). W\u00e4hrend dieses Prozesses beseitige ich auch deine Blockaden und Stagnationen, wenn es notwendig und erlaubt ist. Du wirst das loslassen, was du bereit bist loszulassen, und heilen, was du bereit bist zu heilen.<\/p><p>Abh\u00e4ngig von der Situation des Klienten und der Erlaubnis des h\u00f6heren Selbst, kann ich w\u00e4hrend der Sitzung auch dabei helfen, externe Energien und Besetzungen ins Licht zu f\u00fchren.\u00a0\u00a0<\/p><p>W\u00e4hrend der Sitzung empfehle ich auch ein heiliges Heilungswerkzeug, um dein Aura zu reinigen, Negativit\u00e4t in Licht zu transformieren und dein Energiefeld zu sch\u00fctzen. Dieses Werkzeug unterst\u00fctzt auch deine Selbstheilung und pers\u00f6nliche Transformation im t\u00e4glichen Leben.\u00a0<\/p>\t\t\t\t\t\t\t\t<\/div>\n\t\t\t\t<\/div>\n\t\t\t\t<div class=\"elementor-element elementor-element-84bb84d elementor-widget elementor-widget-text-editor\" data-id=\"84bb84d\" data-element_type=\"widget\" data-widget_type=\"text-editor.default\">\n\t\t\t\t<div class=\"elementor-widget-container\">\n\t\t\t\t\t\t\t\t\t<p>60-Minuten-Sitzung<br>F\u00fcr Erwachsene &amp; Kinder<br>Energieausgleich: 222 \u20ac<\/p>\t\t\t\t\t\t\t\t<\/div>\n\t\t\t\t<\/div>\n\t\t\t\t<div class=\"elementor-element elementor-element-c575800 elementor-button-info elementor-align-center animated-slow elementor-invisible elementor-widget elementor-widget-button\" data-id=\"c575800\" data-element_type=\"widget\" data-settings=\"{&quot;_animation&quot;:&quot;flash&quot;}\" data-widget_type=\"button.default\">\n\t\t\t\t<div class=\"elementor-widget-container\">\n\t\t\t\t\t\t\t\t\t<div class=\"elementor-button-wrapper\">\n\t\t\t\t\t<a class=\"elementor-button elementor-button-link elementor-size-sm\" href=\"\/de\/Contact\/\">\n\t\t\t\t\t\t<span class=\"elementor-button-content-wrapper\">\n\t\t\t\t\t\t\t\t\t<span class=\"elementor-button-text\">Kontakt<\/span>\n\t\t\t\t\t<\/span>\n\t\t\t\t\t<\/a>\n\t\t\t\t<\/div>\n\t\t\t\t\t\t\t\t<\/div>\n\t\t\t\t<\/div>\n\t\t\t\t<\/div>\n\t\t\t\t\t<\/div>\n\t\t\t\t<\/div>\n\t\t<div class=\"elementor-element elementor-element-498f93d e-flex e-con-boxed e-con e-parent\" data-id=\"498f93d\" data-element_type=\"container\" data-settings=\"{&quot;background_background&quot;:&quot;gradient&quot;}\">\n\t\t\t\t\t<div class=\"e-con-inner\">\n\t\t<div class=\"elementor-element elementor-element-8c0f89a e-con-full e-flex e-con e-child\" data-id=\"8c0f89a\" data-element_type=\"container\">\n\t\t<div class=\"elementor-element elementor-element-54e29ed e-con-full e-flex e-con e-child\" data-id=\"54e29ed\" data-element_type=\"container\" data-settings=\"{&quot;background_background&quot;:&quot;classic&quot;}\">\n\t\t\t\t<div class=\"elementor-element elementor-element-754c55c elementor-widget elementor-widget-text-editor\" data-id=\"754c55c\" data-element_type=\"widget\" data-widget_type=\"text-editor.default\">\n\t\t\t\t<div class=\"elementor-widget-container\">\n\t\t\t\t\t\t\t\t\t<p style=\"text-align: left;\"><strong>Die Violette Flamme<\/strong> ist die Flamme der Freude, Barmherzigkeit, Vergebung, Freiheit und Gerechtigkeit. Es ist eine uralte Energie des Universums, die Heilung auf allen Ebenen unterst\u00fctzt \u2013 k\u00f6rperlich, mental, emotional und spirituell. Diese kraftvolle Energie ist ein tiefgreifendes Geschenk f\u00fcr die pers\u00f6nliche Transformation. Geleitet von der G\u00f6ttin Guan Yin, der verehrten Bodhisattva des alten China, bekannt f\u00fcr ihre Barmherzigkeit und Mitgef\u00fchl, \u00fcbertrage ich diese Energie, um deine Heilungsreise zu unterst\u00fctzen.<\/p>\n<p style=\"text-align: left;\"><strong>Die Blaue Flamme<\/strong> ist die Flamme des Schutzes, der Wahrheit und des Glaubens. Sie dient als Katalysator f\u00fcr pers\u00f6nliches Wachstum und Transformation, w\u00e4hrend sie ein Tor \u00f6ffnet, um auf deine innere Weisheit zuzugreifen. Diese heilige Energie hilft, deinen K\u00f6rper, Geist und deine Seele zu sch\u00fctzen und gleichzeitig energetische Blockaden zu reinigen. W\u00e4hrend der Heilsitzung werde ich von Erzengel Michael, dem F\u00fcrsten der Erzengel, Verteidiger des Glaubens und Engel der Erl\u00f6sung, gef\u00fchrt.<\/p>\n<p style=\"text-align: left;\"><strong>Die Wei\u00dfe Flamme<\/strong> ist die Flamme der Reinheit, Liebe, des Erwachens und der Erleuchtung. Sie ist die Flamme, die der urspr\u00fcnglichen Energie der Sch\u00f6pfung am n\u00e4chsten ist, in der alle anderen Farben zu einer verschmelzen. Diese hochfrequente Energie reinigt dein Wesen und erleuchtet dich von innen heraus. W\u00e4hrend der Sitzung werde ich von Jesus Christus, dem Aufgestiegenen Meister der Gro\u00dfen Wei\u00dfen Bruderschaft, gef\u00fchrt, der das Melchizedek-Bewusstsein repr\u00e4sentiert.<\/p>\t\t\t\t\t\t\t\t<\/div>\n\t\t\t\t<\/div>\n\t\t\t\t<\/div>\n\t\t\t\t<\/div>\n\t\t\t\t\t<\/div>\n\t\t\t\t<\/div>\n\t\t\t\t<\/div>","protected":false},"excerpt":{"rendered":"<p>Menu Home Services About Me Contact Testimonials FAQ Transmission of High-Frequency Healing Energy Service includes: The session begins with grounding and a heart meditation. From the heart center, guided by the Ascended Masters Guan Yin, Archangel Michael, Jesus Christ, and our higher selves, I transmit high-frequency healing energy to your energy centers (the seven chakras) and energy fields (the three Dantians in the Tao). During this process, I also clear your blockages and stagnation, if necessary and allowed. You will release what you are ready to let go of and heal whatever you are ready to heal. Depends on clients` situations and the permission of higher selves, I may also assist in guiding external energies and entities to the light during the session.\u00a0\u00a0 During the session, I also recommend a sacred healing tool to cleanse your aura, transform negativity into light, and protect your energy field. This tool also supports your self-healing and personal transformation in daily life.\u00a0 60-Minute SessionFor Adults &amp; ChildrenEnergy Balance: 222 \u20ac Contact The Violet Flame is the flame of joy, mercy, forgiveness, freedom and justice. It is a primordial energy of the universe that supports healing on all levels &#8211; physical, mental, emotional and spiritual. This powerful energy is a profound gift for personal transformation. Guided by the Goddess Guan Yin, the revered Bodhisattva of ancient China known for her mercy and compassion, I transmit this energy to assist in your healing journey. The Blue Flame is the flame of protection, truth and faith. It serves as a catalyst for personal growth and transformation while opening a gateway to access your inner wisdom. This sacred energy helps protect your body, mind and spirit while also cleansing energetic blockages. During the healing session, I am guided by Archangel Michael, the Prince of the archangels, Defender of the faith, and Angel of deliverance. The White Flame is the flame of purity, love, awakening and enlightening. It is the closest flame to the original energy of creation, where all other colors merge into one. This high-frequency energy purifies your being and illuminates you from within. In the session I am guided by Jesus Christ, the Ascended Master of the Great White Brotherhood, who represents the Melchizedek Consciousness.<\/p>","protected":false},"author":1,"featured_media":0,"parent":0,"menu_order":0,"comment_status":"closed","ping_status":"closed","template":"elementor_header_footer","meta":{"inline_featured_image":false,"_monsterinsights_skip_tracking":false,"_monsterinsights_sitenote_active":false,"_monsterinsights_sitenote_note":"","_monsterinsights_sitenote_category":0,"footnotes":""},"aioseo_notices":[],"_links":{"self":[{"href":"https:\/\/sarahviolethearthealing.com\/de\/wp-json\/wp\/v2\/pages\/2541"}],"collection":[{"href":"https:\/\/sarahviolethearthealing.com\/de\/wp-json\/wp\/v2\/pages"}],"about":[{"href":"https:\/\/sarahviolethearthealing.com\/de\/wp-json\/wp\/v2\/types\/page"}],"author":[{"embeddable":true,"href":"https:\/\/sarahviolethearthealing.com\/de\/wp-json\/wp\/v2\/users\/1"}],"replies":[{"embeddable":true,"href":"https:\/\/sarahviolethearthealing.com\/de\/wp-json\/wp\/v2\/comments?post=2541"}],"version-history":[{"count":394,"href":"https:\/\/sarahviolethearthealing.com\/de\/wp-json\/wp\/v2\/pages\/2541\/revisions"}],"predecessor-version":[{"id":9251,"href":"https:\/\/sarahviolethearthealing.com\/de\/wp-json\/wp\/v2\/pages\/2541\/revisions\/9251"}],"wp:attachment":[{"href":"https:\/\/sarahviolethearthealing.com\/de\/wp-json\/wp\/v2\/media?parent=2541"}],"curies":[{"name":"wp","href":"https:\/\/api.w.org\/{rel}","templated":true}]}}