{"id":2544,"date":"2024-08-19T11:44:08","date_gmt":"2024-08-19T09:44:08","guid":{"rendered":"https:\/\/sarahviolethearthealing.com\/?page_id=2544"},"modified":"2025-10-15T00:44:36","modified_gmt":"2025-10-14T22:44:36","slug":"healing-through-sacred-geometry","status":"publish","type":"page","link":"https:\/\/sarahviolethearthealing.com\/de\/healing-through-sacred-geometry\/","title":{"rendered":"Heilung durch Heilige Geometrie"},"content":{"rendered":"<div data-elementor-type=\"wp-page\" data-elementor-id=\"2544\" class=\"elementor elementor-2544\" data-elementor-post-type=\"page\">\n\t\t\t\t<div class=\"elementor-element elementor-element-8fe2c1b e-con-full e-flex e-con e-parent\" data-id=\"8fe2c1b\" data-element_type=\"container\" data-settings=\"{&quot;background_background&quot;:&quot;classic&quot;}\">\n\t\t<div class=\"elementor-element elementor-element-c472007 e-con-full e-flex e-con e-child\" data-id=\"c472007\" data-element_type=\"container\">\n\t\t\t\t<div class=\"elementor-element elementor-element-743a6c7 elementor-widget elementor-widget-image\" data-id=\"743a6c7\" data-element_type=\"widget\" data-widget_type=\"image.default\">\n\t\t\t\t<div class=\"elementor-widget-container\">\n\t\t\t\t\t\t\t\t\t\t\t\t\t\t\t<img fetchpriority=\"high\" decoding=\"async\" width=\"694\" height=\"586\" src=\"https:\/\/sarahviolethearthealing.com\/wp-content\/uploads\/2024\/07\/111_SVHH-logo-text.png\" class=\"attachment-large size-large wp-image-760\" alt=\"\" srcset=\"https:\/\/sarahviolethearthealing.com\/wp-content\/uploads\/2024\/07\/111_SVHH-logo-text.png 694w, https:\/\/sarahviolethearthealing.com\/wp-content\/uploads\/2024\/07\/111_SVHH-logo-text-300x253.png 300w\" sizes=\"(max-width: 694px) 100vw, 694px\" \/>\t\t\t\t\t\t\t\t\t\t\t\t\t\t\t<\/div>\n\t\t\t\t<\/div>\n\t\t\t\t<\/div>\n\t\t\t\t<\/div>\n\t\t<div class=\"elementor-element elementor-element-eeea904 e-con-full e-flex e-con e-parent\" data-id=\"eeea904\" data-element_type=\"container\" data-settings=\"{&quot;background_background&quot;:&quot;classic&quot;}\">\n\t\t\t\t<div class=\"elementor-element elementor-element-56d9ba0 hfe-nav-menu__align-center hfe-nav-menu__breakpoint-none hfe-submenu-icon-arrow hfe-submenu-animation-none hfe-link-redirect-child elementor-widget elementor-widget-navigation-menu\" data-id=\"56d9ba0\" data-element_type=\"widget\" data-settings=\"{&quot;padding_horizontal_menu_item_tablet&quot;:{&quot;unit&quot;:&quot;px&quot;,&quot;size&quot;:18,&quot;sizes&quot;:[]},&quot;padding_horizontal_menu_item_mobile&quot;:{&quot;unit&quot;:&quot;px&quot;,&quot;size&quot;:9,&quot;sizes&quot;:[]},&quot;padding_vertical_menu_item_tablet&quot;:{&quot;unit&quot;:&quot;px&quot;,&quot;size&quot;:9,&quot;sizes&quot;:[]},&quot;padding_vertical_menu_item_mobile&quot;:{&quot;unit&quot;:&quot;px&quot;,&quot;size&quot;:9,&quot;sizes&quot;:[]},&quot;padding_horizontal_menu_item&quot;:{&quot;unit&quot;:&quot;px&quot;,&quot;size&quot;:15,&quot;sizes&quot;:[]},&quot;padding_vertical_menu_item&quot;:{&quot;unit&quot;:&quot;px&quot;,&quot;size&quot;:15,&quot;sizes&quot;:[]},&quot;menu_space_between&quot;:{&quot;unit&quot;:&quot;px&quot;,&quot;size&quot;:&quot;&quot;,&quot;sizes&quot;:[]},&quot;menu_space_between_tablet&quot;:{&quot;unit&quot;:&quot;px&quot;,&quot;size&quot;:&quot;&quot;,&quot;sizes&quot;:[]},&quot;menu_space_between_mobile&quot;:{&quot;unit&quot;:&quot;px&quot;,&quot;size&quot;:&quot;&quot;,&quot;sizes&quot;:[]},&quot;menu_row_space&quot;:{&quot;unit&quot;:&quot;px&quot;,&quot;size&quot;:&quot;&quot;,&quot;sizes&quot;:[]},&quot;menu_row_space_tablet&quot;:{&quot;unit&quot;:&quot;px&quot;,&quot;size&quot;:&quot;&quot;,&quot;sizes&quot;:[]},&quot;menu_row_space_mobile&quot;:{&quot;unit&quot;:&quot;px&quot;,&quot;size&quot;:&quot;&quot;,&quot;sizes&quot;:[]},&quot;dropdown_border_radius&quot;:{&quot;unit&quot;:&quot;px&quot;,&quot;top&quot;:&quot;&quot;,&quot;right&quot;:&quot;&quot;,&quot;bottom&quot;:&quot;&quot;,&quot;left&quot;:&quot;&quot;,&quot;isLinked&quot;:true},&quot;dropdown_border_radius_tablet&quot;:{&quot;unit&quot;:&quot;px&quot;,&quot;top&quot;:&quot;&quot;,&quot;right&quot;:&quot;&quot;,&quot;bottom&quot;:&quot;&quot;,&quot;left&quot;:&quot;&quot;,&quot;isLinked&quot;:true},&quot;dropdown_border_radius_mobile&quot;:{&quot;unit&quot;:&quot;px&quot;,&quot;top&quot;:&quot;&quot;,&quot;right&quot;:&quot;&quot;,&quot;bottom&quot;:&quot;&quot;,&quot;left&quot;:&quot;&quot;,&quot;isLinked&quot;:true},&quot;width_dropdown_item&quot;:{&quot;unit&quot;:&quot;px&quot;,&quot;size&quot;:&quot;220&quot;,&quot;sizes&quot;:[]},&quot;width_dropdown_item_tablet&quot;:{&quot;unit&quot;:&quot;px&quot;,&quot;size&quot;:&quot;&quot;,&quot;sizes&quot;:[]},&quot;width_dropdown_item_mobile&quot;:{&quot;unit&quot;:&quot;px&quot;,&quot;size&quot;:&quot;&quot;,&quot;sizes&quot;:[]},&quot;padding_horizontal_dropdown_item&quot;:{&quot;unit&quot;:&quot;px&quot;,&quot;size&quot;:&quot;&quot;,&quot;sizes&quot;:[]},&quot;padding_horizontal_dropdown_item_tablet&quot;:{&quot;unit&quot;:&quot;px&quot;,&quot;size&quot;:&quot;&quot;,&quot;sizes&quot;:[]},&quot;padding_horizontal_dropdown_item_mobile&quot;:{&quot;unit&quot;:&quot;px&quot;,&quot;size&quot;:&quot;&quot;,&quot;sizes&quot;:[]},&quot;padding_vertical_dropdown_item&quot;:{&quot;unit&quot;:&quot;px&quot;,&quot;size&quot;:15,&quot;sizes&quot;:[]},&quot;padding_vertical_dropdown_item_tablet&quot;:{&quot;unit&quot;:&quot;px&quot;,&quot;size&quot;:&quot;&quot;,&quot;sizes&quot;:[]},&quot;padding_vertical_dropdown_item_mobile&quot;:{&quot;unit&quot;:&quot;px&quot;,&quot;size&quot;:&quot;&quot;,&quot;sizes&quot;:[]},&quot;distance_from_menu&quot;:{&quot;unit&quot;:&quot;px&quot;,&quot;size&quot;:&quot;&quot;,&quot;sizes&quot;:[]},&quot;distance_from_menu_tablet&quot;:{&quot;unit&quot;:&quot;px&quot;,&quot;size&quot;:&quot;&quot;,&quot;sizes&quot;:[]},&quot;distance_from_menu_mobile&quot;:{&quot;unit&quot;:&quot;px&quot;,&quot;size&quot;:&quot;&quot;,&quot;sizes&quot;:[]},&quot;toggle_size&quot;:{&quot;unit&quot;:&quot;px&quot;,&quot;size&quot;:&quot;&quot;,&quot;sizes&quot;:[]},&quot;toggle_size_tablet&quot;:{&quot;unit&quot;:&quot;px&quot;,&quot;size&quot;:&quot;&quot;,&quot;sizes&quot;:[]},&quot;toggle_size_mobile&quot;:{&quot;unit&quot;:&quot;px&quot;,&quot;size&quot;:&quot;&quot;,&quot;sizes&quot;:[]},&quot;toggle_border_width&quot;:{&quot;unit&quot;:&quot;px&quot;,&quot;size&quot;:&quot;&quot;,&quot;sizes&quot;:[]},&quot;toggle_border_width_tablet&quot;:{&quot;unit&quot;:&quot;px&quot;,&quot;size&quot;:&quot;&quot;,&quot;sizes&quot;:[]},&quot;toggle_border_width_mobile&quot;:{&quot;unit&quot;:&quot;px&quot;,&quot;size&quot;:&quot;&quot;,&quot;sizes&quot;:[]},&quot;toggle_border_radius&quot;:{&quot;unit&quot;:&quot;px&quot;,&quot;size&quot;:&quot;&quot;,&quot;sizes&quot;:[]},&quot;toggle_border_radius_tablet&quot;:{&quot;unit&quot;:&quot;px&quot;,&quot;size&quot;:&quot;&quot;,&quot;sizes&quot;:[]},&quot;toggle_border_radius_mobile&quot;:{&quot;unit&quot;:&quot;px&quot;,&quot;size&quot;:&quot;&quot;,&quot;sizes&quot;:[]}}\" data-widget_type=\"navigation-menu.default\">\n\t\t\t\t<div class=\"elementor-widget-container\">\n\t\t\t\t\t\t\t\t<div class=\"hfe-nav-menu hfe-layout-horizontal hfe-nav-menu-layout horizontal hfe-pointer__none\" data-layout=\"horizontal\">\n\t\t\t\t<div role=\"button\" class=\"hfe-nav-menu__toggle elementor-clickable\" tabindex=\"0\" aria-label=\"Menu Toggle\">\n\t\t\t\t\t<span class=\"screen-reader-text\">Men\u00fc<\/span>\n\t\t\t\t\t<div class=\"hfe-nav-menu-icon\">\n\t\t\t\t\t\t\t\t\t\t\t<\/div>\n\t\t\t\t<\/div>\n\t\t\t\t<nav itemscope=\"itemscope\" itemtype=\"https:\/\/schema.org\/SiteNavigationElement\" class=\"hfe-nav-menu__layout-horizontal hfe-nav-menu__submenu-arrow\" data-toggle-icon=\"\" data-close-icon=\"\" data-full-width=\"\">\n\t\t\t\t\t<ul id=\"menu-1-56d9ba0\" class=\"hfe-nav-menu\"><li id=\"menu-item-2461\" itemprop=\"name\" class=\"menu-item menu-item-type-post_type menu-item-object-page menu-item-home parent hfe-creative-menu\"><a href=\"https:\/\/sarahviolethearthealing.com\/de\/\" itemprop=\"url\" class = \"hfe-menu-item\">Startseite<\/a><\/li>\n<li id=\"menu-item-607\" itemprop=\"name\" class=\"menu-item menu-item-type-post_type menu-item-object-page parent hfe-creative-menu\"><a href=\"https:\/\/sarahviolethearthealing.com\/de\/services\/\" itemprop=\"url\" class = \"hfe-menu-item\">Services<\/a><\/li>\n<li id=\"menu-item-605\" itemprop=\"name\" class=\"menu-item menu-item-type-post_type menu-item-object-page parent hfe-creative-menu\"><a href=\"https:\/\/sarahviolethearthealing.com\/de\/about-me\/\" itemprop=\"url\" class = \"hfe-menu-item\">\u00dcber mich<\/a><\/li>\n<li id=\"menu-item-604\" itemprop=\"name\" class=\"menu-item menu-item-type-post_type menu-item-object-page parent hfe-creative-menu\"><a href=\"https:\/\/sarahviolethearthealing.com\/de\/contact\/\" itemprop=\"url\" class = \"hfe-menu-item\">Kontakt<\/a><\/li>\n<li id=\"menu-item-4409\" itemprop=\"name\" class=\"menu-item menu-item-type-post_type menu-item-object-page parent hfe-creative-menu\"><a href=\"https:\/\/sarahviolethearthealing.com\/de\/testimonials\/\" itemprop=\"url\" class = \"hfe-menu-item\">Referenzen<\/a><\/li>\n<li id=\"menu-item-606\" itemprop=\"name\" class=\"menu-item menu-item-type-post_type menu-item-object-page parent hfe-creative-menu\"><a href=\"https:\/\/sarahviolethearthealing.com\/de\/faq\/\" itemprop=\"url\" class = \"hfe-menu-item\">FAQ<\/a><\/li>\n<\/ul> \n\t\t\t\t<\/nav>\n\t\t\t<\/div>\n\t\t\t\t\t\t\t<\/div>\n\t\t\t\t<\/div>\n\t\t\t\t<\/div>\n\t\t<div class=\"elementor-element elementor-element-3e1a7ba e-flex e-con-boxed e-con e-parent\" data-id=\"3e1a7ba\" data-element_type=\"container\">\n\t\t\t\t\t<div class=\"e-con-inner\">\n\t\t\t\t<div class=\"elementor-element elementor-element-ee8514b elementor-widget__width-initial animated-slow elementor-invisible elementor-widget elementor-widget-text-editor\" data-id=\"ee8514b\" data-element_type=\"widget\" data-settings=\"{&quot;_animation&quot;:&quot;zoomIn&quot;}\" data-widget_type=\"text-editor.default\">\n\t\t\t\t<div class=\"elementor-widget-container\">\n\t\t\t\t\t\t\t\t\t<p>Heilung durch Heilige Geometrie<\/p>\t\t\t\t\t\t\t\t<\/div>\n\t\t\t\t<\/div>\n\t\t\t\t\t<\/div>\n\t\t\t\t<\/div>\n\t\t<div class=\"elementor-element elementor-element-bceb15b e-flex e-con-boxed e-con e-parent\" data-id=\"bceb15b\" data-element_type=\"container\">\n\t\t\t\t\t<div class=\"e-con-inner\">\n\t\t\t\t<div class=\"elementor-element elementor-element-b785f8b animated-slow elementor-invisible elementor-widget elementor-widget-image\" data-id=\"b785f8b\" data-element_type=\"widget\" data-settings=\"{&quot;_animation&quot;:&quot;zoomIn&quot;}\" data-widget_type=\"image.default\">\n\t\t\t\t<div class=\"elementor-widget-container\">\n\t\t\t\t\t\t\t\t\t\t\t\t\t\t\t<img decoding=\"async\" width=\"227\" height=\"230\" src=\"https:\/\/sarahviolethearthealing.com\/wp-content\/uploads\/2024\/08\/Saacred-Geometry.png\" class=\"attachment-medium_large size-medium_large wp-image-2550\" alt=\"\" srcset=\"https:\/\/sarahviolethearthealing.com\/wp-content\/uploads\/2024\/08\/Saacred-Geometry.png 227w, https:\/\/sarahviolethearthealing.com\/wp-content\/uploads\/2024\/08\/Saacred-Geometry-75x75.png 75w\" sizes=\"(max-width: 227px) 100vw, 227px\" \/>\t\t\t\t\t\t\t\t\t\t\t\t\t\t\t<\/div>\n\t\t\t\t<\/div>\n\t\t\t\t\t<\/div>\n\t\t\t\t<\/div>\n\t\t<div class=\"elementor-element elementor-element-778fb8e e-flex e-con-boxed e-con e-parent\" data-id=\"778fb8e\" data-element_type=\"container\" data-settings=\"{&quot;background_background&quot;:&quot;gradient&quot;}\">\n\t\t\t\t\t<div class=\"e-con-inner\">\n\t\t<div class=\"elementor-element elementor-element-e2200ec e-con-full e-flex e-con e-child\" data-id=\"e2200ec\" data-element_type=\"container\" data-settings=\"{&quot;background_background&quot;:&quot;classic&quot;}\">\n\t\t\t\t<div class=\"elementor-element elementor-element-83a99cc elementor-widget elementor-widget-text-editor\" data-id=\"83a99cc\" data-element_type=\"widget\" data-widget_type=\"text-editor.default\">\n\t\t\t\t<div class=\"elementor-widget-container\">\n\t\t\t\t\t\t\t\t\t<p style=\"text-align: center;\"><strong>Der Service beinhaltet:<\/strong><\/p>\n<p style=\"text-align: left;\"><em><u>Vor der Sitzung<\/u><\/em>:<br>In meiner Meditation verbinde ich mich sowohl mit deinem h\u00f6heren Selbst als auch mit meinem h\u00f6heren Selbst. W\u00e4hrend dieses Prozesses empfange ich Visionen f\u00fcr deine Heilung sowie eine spezifische heilige Geometrie. Mit meinem Bewusstsein als spirituelle Heilerin male ich diese Visionen von Hand in die gegebene heilige Geometrie und bette darin verborgene Botschaften sowie Heilungsenergie f\u00fcr dich ein. Anschlie\u00dfend sende ich dir dieses Bild vor unserer Heilssitzung per E-Mail zu.<\/p>\n<p style=\"text-align: left;\"><em><u>W\u00e4hrend der Sitzung<\/u><\/em>:<br>Ich erkl\u00e4re die heilige Geometrie in der Zeichnung sowie die Visionen, die ich empfangen habe. Dann f\u00fchre ich dich dabei, dich mit der Zeichnung zu verbinden, w\u00e4hrend ich hochfrequente Heilungsenergie auf dich \u00fcbertrage. Dieser Prozess hilft dir, emotionalen Schmerz loszulassen und vergangene Traumata zu heilen. Gelegentlich verwende ich auch Kristalle oder andere Werkzeuge, um die Energie speziell f\u00fcr dich zu verst\u00e4rken und auszurichten.<\/p>\n<p style=\"text-align: left;\"><em><u>Am Ende der Sitzung<\/u><\/em>:<br>Ich gebe dir Anleitungen, wie du dich in deinem t\u00e4glichen Leben mit dieser Zeichnung verbinden kannst.<\/p>\t\t\t\t\t\t\t\t<\/div>\n\t\t\t\t<\/div>\n\t\t\t\t<div class=\"elementor-element elementor-element-0a0806d elementor-widget elementor-widget-text-editor\" data-id=\"0a0806d\" data-element_type=\"widget\" data-widget_type=\"text-editor.default\">\n\t\t\t\t<div class=\"elementor-widget-container\">\n\t\t\t\t\t\t\t\t\t<p>Personalisierte Meditation und handgemalte Zeichnung<br \/>(60 Minuten \u2013 von mir f\u00fcr dich erstellt)<br \/>+ 60-min\u00fctige Einzelsitzung<br \/>F\u00fcr Erwachsene &amp; Kinder<br \/>Energieausgleich: 288 \u20ac<\/p>\t\t\t\t\t\t\t\t<\/div>\n\t\t\t\t<\/div>\n\t\t\t\t<div class=\"elementor-element elementor-element-324c797 elementor-button-info elementor-align-center animated-slow elementor-invisible elementor-widget elementor-widget-button\" data-id=\"324c797\" data-element_type=\"widget\" data-settings=\"{&quot;_animation&quot;:&quot;flash&quot;}\" data-widget_type=\"button.default\">\n\t\t\t\t<div class=\"elementor-widget-container\">\n\t\t\t\t\t\t\t\t\t<div class=\"elementor-button-wrapper\">\n\t\t\t\t\t<a class=\"elementor-button elementor-button-link elementor-size-sm\" href=\"\/de\/Contact\/\">\n\t\t\t\t\t\t<span class=\"elementor-button-content-wrapper\">\n\t\t\t\t\t\t\t\t\t<span class=\"elementor-button-text\">Kontakt<\/span>\n\t\t\t\t\t<\/span>\n\t\t\t\t\t<\/a>\n\t\t\t\t<\/div>\n\t\t\t\t\t\t\t\t<\/div>\n\t\t\t\t<\/div>\n\t\t\t\t<\/div>\n\t\t\t\t\t<\/div>\n\t\t\t\t<\/div>\n\t\t\t\t<\/div>","protected":false},"excerpt":{"rendered":"<p>Menu Home Services About Me Contact Testimonials FAQ Healing through Sacred Geometry Service includes: Before the session:In my meditation, I connect with both your higher self and my higher self. During this process, I receive visions for your healing along with a specific sacred geometry. With my awareness as a spiritual healer, I hand-paint these visions within the given sacred geometry, embedding hidden messages and healing energy for you. I then send this image to you via email before our healing session. During the session:I explain the sacred geometry in the painting and the visions I received. Then, I guide you in connecting with the painting, while transmitting high-frequency healing energy to you. This process helps to release your emotional pain and heal past traumas. At times, I may also use crystals or other tools to enhance and align the energy specifically for you. At the end of the Session:I provide guidance on how to connect with your sacred geometry painting in your daily life. Personalized Meditation and Handmade Painting(60 minutes \u2014 created by me, just for you)+ 60-Minute One-to-One SessionFor Adults &amp; ChildrenEnergy Balance: 288 \u20ac Contact<\/p>","protected":false},"author":1,"featured_media":0,"parent":0,"menu_order":0,"comment_status":"closed","ping_status":"closed","template":"elementor_header_footer","meta":{"inline_featured_image":false,"_monsterinsights_skip_tracking":false,"_monsterinsights_sitenote_active":false,"_monsterinsights_sitenote_note":"","_monsterinsights_sitenote_category":0,"footnotes":""},"aioseo_notices":[],"_links":{"self":[{"href":"https:\/\/sarahviolethearthealing.com\/de\/wp-json\/wp\/v2\/pages\/2544"}],"collection":[{"href":"https:\/\/sarahviolethearthealing.com\/de\/wp-json\/wp\/v2\/pages"}],"about":[{"href":"https:\/\/sarahviolethearthealing.com\/de\/wp-json\/wp\/v2\/types\/page"}],"author":[{"embeddable":true,"href":"https:\/\/sarahviolethearthealing.com\/de\/wp-json\/wp\/v2\/users\/1"}],"replies":[{"embeddable":true,"href":"https:\/\/sarahviolethearthealing.com\/de\/wp-json\/wp\/v2\/comments?post=2544"}],"version-history":[{"count":214,"href":"https:\/\/sarahviolethearthealing.com\/de\/wp-json\/wp\/v2\/pages\/2544\/revisions"}],"predecessor-version":[{"id":9214,"href":"https:\/\/sarahviolethearthealing.com\/de\/wp-json\/wp\/v2\/pages\/2544\/revisions\/9214"}],"wp:attachment":[{"href":"https:\/\/sarahviolethearthealing.com\/de\/wp-json\/wp\/v2\/media?parent=2544"}],"curies":[{"name":"wp","href":"https:\/\/api.w.org\/{rel}","templated":true}]}}