{"id":42,"date":"2024-06-19T14:51:35","date_gmt":"2024-06-19T12:51:35","guid":{"rendered":"https:\/\/sarahviolethearthealing.com\/?page_id=42"},"modified":"2025-10-21T23:37:18","modified_gmt":"2025-10-21T21:37:18","slug":"faq","status":"publish","type":"page","link":"https:\/\/sarahviolethearthealing.com\/de\/faq\/","title":{"rendered":"FAQ"},"content":{"rendered":"<div data-elementor-type=\"wp-page\" data-elementor-id=\"42\" class=\"elementor elementor-42\" data-elementor-post-type=\"page\">\n\t\t\t\t<div class=\"elementor-element elementor-element-ce60c6d e-con-full e-flex e-con e-parent\" data-id=\"ce60c6d\" data-element_type=\"container\" data-settings=\"{&quot;background_background&quot;:&quot;classic&quot;}\">\n\t\t<div class=\"elementor-element elementor-element-cc1095e e-con-full e-flex e-con e-child\" data-id=\"cc1095e\" data-element_type=\"container\">\n\t\t\t\t<div class=\"elementor-element elementor-element-01dc920 elementor-widget elementor-widget-image\" data-id=\"01dc920\" data-element_type=\"widget\" data-widget_type=\"image.default\">\n\t\t\t\t<div class=\"elementor-widget-container\">\n\t\t\t\t\t\t\t\t\t\t\t\t\t\t\t<img fetchpriority=\"high\" decoding=\"async\" width=\"300\" height=\"253\" src=\"https:\/\/sarahviolethearthealing.com\/wp-content\/uploads\/2024\/07\/111_SVHH-logo-text-300x253.png\" class=\"attachment-medium size-medium wp-image-760\" alt=\"\" srcset=\"https:\/\/sarahviolethearthealing.com\/wp-content\/uploads\/2024\/07\/111_SVHH-logo-text-300x253.png 300w, https:\/\/sarahviolethearthealing.com\/wp-content\/uploads\/2024\/07\/111_SVHH-logo-text.png 694w\" sizes=\"(max-width: 300px) 100vw, 300px\" \/>\t\t\t\t\t\t\t\t\t\t\t\t\t\t\t<\/div>\n\t\t\t\t<\/div>\n\t\t\t\t<\/div>\n\t\t\t\t<\/div>\n\t\t<div class=\"elementor-element elementor-element-9374231 e-flex e-con-boxed e-con e-parent\" data-id=\"9374231\" data-element_type=\"container\" data-settings=\"{&quot;background_background&quot;:&quot;classic&quot;}\">\n\t\t\t\t\t<div class=\"e-con-inner\">\n\t\t\t\t<div class=\"elementor-element elementor-element-c8e3065 animated-slow elementor-invisible elementor-widget elementor-widget-text-editor\" data-id=\"c8e3065\" data-element_type=\"widget\" data-settings=\"{&quot;_animation&quot;:&quot;flash&quot;}\" data-widget_type=\"text-editor.default\">\n\t\t\t\t<div class=\"elementor-widget-container\">\n\t\t\t\t\t\t\t\t\t<p><strong>H\u00e4ufig gestellte Fragen<\/strong><\/p>\t\t\t\t\t\t\t\t<\/div>\n\t\t\t\t<\/div>\n\t\t\t\t\t<\/div>\n\t\t\t\t<\/div>\n\t\t<div class=\"elementor-element elementor-element-aac41ce e-flex e-con-boxed e-con e-parent\" data-id=\"aac41ce\" data-element_type=\"container\" data-settings=\"{&quot;background_background&quot;:&quot;gradient&quot;}\">\n\t\t\t\t\t<div class=\"e-con-inner\">\n\t\t<div class=\"elementor-element elementor-element-eb9da02 e-con-full e-flex e-con e-child\" data-id=\"eb9da02\" data-element_type=\"container\">\n\t\t<div class=\"elementor-element elementor-element-cae2589 e-con-full e-flex e-con e-child\" data-id=\"cae2589\" data-element_type=\"container\" data-settings=\"{&quot;background_background&quot;:&quot;classic&quot;}\">\n\t\t\t\t<div class=\"elementor-element elementor-element-24bf658 animated-slow elementor-invisible elementor-widget elementor-widget-text-editor\" data-id=\"24bf658\" data-element_type=\"widget\" data-settings=\"{&quot;_animation&quot;:&quot;zoomIn&quot;}\" data-widget_type=\"text-editor.default\">\n\t\t\t\t<div class=\"elementor-widget-container\">\n\t\t\t\t\t\t\t\t\t<p style=\"text-align: left;\"><em><strong>1 Wie kann ich wissen, welche Art von Heilsitzungen ich brauche?<\/strong><\/em><\/p>\t\t\t\t\t\t\t\t<\/div>\n\t\t\t\t<\/div>\n\t\t\t\t<div class=\"elementor-element elementor-element-f9b7fc2 elementor-widget elementor-widget-text-editor\" data-id=\"f9b7fc2\" data-element_type=\"widget\" data-widget_type=\"text-editor.default\">\n\t\t\t\t<div class=\"elementor-widget-container\">\n\t\t\t\t\t\t\t\t\t<p style=\"text-align: left;\">Du kannst deinem Herzen, deiner inneren Stimme, deiner Intuition oder dem Bauchgef\u00fchl folgen. Wenn du dich mit deinem h\u00f6heren Selbst, deinen Engeln oder deiner inneren F\u00fchrung verbinden kannst, kannst du auch Einsichten von ihnen erfahren. Andernfalls kontaktiere mich, und ich kann dir helfen herauszufinden, welche Heilsitzung(en) du wirklich brauchst.<\/p>\t\t\t\t\t\t\t\t<\/div>\n\t\t\t\t<\/div>\n\t\t\t\t<div class=\"elementor-element elementor-element-adf9421 animated-slow elementor-invisible elementor-widget elementor-widget-text-editor\" data-id=\"adf9421\" data-element_type=\"widget\" data-settings=\"{&quot;_animation&quot;:&quot;zoomIn&quot;}\" data-widget_type=\"text-editor.default\">\n\t\t\t\t<div class=\"elementor-widget-container\">\n\t\t\t\t\t\t\t\t\t<p style=\"text-align: left;\"><em><strong>2 Was meinst du damit, unter der Erlaubnis beider h\u00f6heren Selbst zu arbeiten? Und warum tust du das?<\/strong><\/em><\/p>\t\t\t\t\t\t\t\t<\/div>\n\t\t\t\t<\/div>\n\t\t\t\t<div class=\"elementor-element elementor-element-53df65f elementor-widget elementor-widget-text-editor\" data-id=\"53df65f\" data-element_type=\"widget\" data-widget_type=\"text-editor.default\">\n\t\t\t\t<div class=\"elementor-widget-container\">\n\t\t\t\t\t\t\t\t\t<p style=\"text-align: left;\">Bevor ich mit dir arbeite, frage ich bei meinem und deinem h\u00f6heren Selbst nach der Erlaubnis. Sobald ich ein \u201eJa\u201c bekomme, kann ich dich bei deiner Heilung unterst\u00fctzen. Ich arbeite mit Erlaubnis, weil du dich manchmal in einem bestimmten Prozess befinden k\u00f6nntest, in den ich nicht eingreifen darf.<\/p>\t\t\t\t\t\t\t\t<\/div>\n\t\t\t\t<\/div>\n\t\t\t\t<div class=\"elementor-element elementor-element-3d4e5fb animated-slow elementor-invisible elementor-widget elementor-widget-text-editor\" data-id=\"3d4e5fb\" data-element_type=\"widget\" data-settings=\"{&quot;_animation&quot;:&quot;zoomIn&quot;}\" data-widget_type=\"text-editor.default\">\n\t\t\t\t<div class=\"elementor-widget-container\">\n\t\t\t\t\t\t\t\t\t<p style=\"text-align: left;\"><em><strong>3 Wie funktioniert die spirituelle Heilung?<\/strong><\/em><\/p>\t\t\t\t\t\t\t\t<\/div>\n\t\t\t\t<\/div>\n\t\t\t\t<div class=\"elementor-element elementor-element-0829765 elementor-widget elementor-widget-text-editor\" data-id=\"0829765\" data-element_type=\"widget\" data-widget_type=\"text-editor.default\">\n\t\t\t\t<div class=\"elementor-widget-container\">\n\t\t\t\t\t\t\t\t\t<p style=\"text-align: left;\">Wenn wir zusammenarbeiten, agiere ich je nach Sitzung als Medium, durch das die geistige Welt wirkt. Ich \u00fcbertrage die Frequenz der Heilenergie, mit der du dich in Einklang bringen kannst. In jeder Sitzung werde ich von der G\u00f6ttlichen Kraft geleitet, um deine Heilung und Transformation zu unterst\u00fctzen.<\/p>\t\t\t\t\t\t\t\t<\/div>\n\t\t\t\t<\/div>\n\t\t\t\t<div class=\"elementor-element elementor-element-f85e3de animated-slow elementor-invisible elementor-widget elementor-widget-text-editor\" data-id=\"f85e3de\" data-element_type=\"widget\" data-settings=\"{&quot;_animation&quot;:&quot;zoomIn&quot;}\" data-widget_type=\"text-editor.default\">\n\t\t\t\t<div class=\"elementor-widget-container\">\n\t\t\t\t\t\t\t\t\t<p style=\"text-align: left;\"><em><strong>4 Was soll ich tun, wenn ich nicht das Gef\u00fchl habe, geheilt zu sein?<\/strong><\/em><\/p>\t\t\t\t\t\t\t\t<\/div>\n\t\t\t\t<\/div>\n\t\t\t\t<div class=\"elementor-element elementor-element-01b3364 elementor-widget elementor-widget-text-editor\" data-id=\"01b3364\" data-element_type=\"widget\" data-widget_type=\"text-editor.default\">\n\t\t\t\t<div class=\"elementor-widget-container\">\n\t\t\t\t\t\t\t\t\t<p style=\"text-align: left;\">Ich werde mein Bestes tun, um dir dabei zu helfen, deine eigenen Selbstheilungskr\u00e4fte unter der F\u00fchrung des G\u00f6ttlichen zu aktivieren. Letztendlich entscheidet dein h\u00f6heres Selbst, ob du geheilt werden kannst, in welchem Ausma\u00df du Heilung ben\u00f6tigst und wann der richtige Zeitpunkt daf\u00fcr ist. In der Tat ist jede Krankheit oder jedes Problem, dem du begegnest, eine Botschaft aus der geistigen Welt - bitte betrachte es als ein positives Zeichen des G\u00f6ttlichen.\u00a0<\/p><p style=\"text-align: left;\">Heilung ist eine heilige Reise zur\u00fcck zu dir selbst. Arbeite an dir selbst, finde die Botschaft und folge dem Prozess der inneren Arbeit und Selbstheilung mit Vertrauen und Glauben, und sieh, was sich entfaltet. Wenn du nicht sofort geheilt wirst, solltest du nicht aufgeben. Letztendlich geht es nicht um die Zeit, sondern um den richtigen Zeitpunkt.<\/p>\t\t\t\t\t\t\t\t<\/div>\n\t\t\t\t<\/div>\n\t\t\t\t<div class=\"elementor-element elementor-element-c7338d8 animated-slow elementor-invisible elementor-widget elementor-widget-text-editor\" data-id=\"c7338d8\" data-element_type=\"widget\" data-settings=\"{&quot;_animation&quot;:&quot;zoomIn&quot;}\" data-widget_type=\"text-editor.default\">\n\t\t\t\t<div class=\"elementor-widget-container\">\n\t\t\t\t\t\t\t\t\t<p style=\"text-align: left;\"><em><strong>5 Wie viele Sitzungen ben\u00f6tige ich, um mich selbst zu heilen?<\/strong><\/em><\/p>\t\t\t\t\t\t\t\t<\/div>\n\t\t\t\t<\/div>\n\t\t\t\t<div class=\"elementor-element elementor-element-7f420e6 elementor-widget elementor-widget-text-editor\" data-id=\"7f420e6\" data-element_type=\"widget\" data-widget_type=\"text-editor.default\">\n\t\t\t\t<div class=\"elementor-widget-container\">\n\t\t\t\t\t\t\t\t\t<p style=\"text-align: left;\">Das h\u00e4ngt von deinem Problem ab. Jeder ist unterschiedlich. Du ben\u00f6tigst m\u00f6glicherweise nur eine Sitzung oder eine Kombination verschiedener Sitzungen. Meistens gibt es zu viel Druck, alles in nur einer Sitzung herauszufinden.<\/p>\n<p style=\"text-align: left;\">W\u00e4hl eine Sitzung, mit der du beginnen m\u00f6chtest, dann werden wir sehen, ob sie ausreicht. Andernfalls kann ich in meiner Meditation deine am meisten ben\u00f6tigte(n) Sitzung(en) direkt von unseren h\u00f6heren Selbst erhalten.<\/p>\t\t\t\t\t\t\t\t<\/div>\n\t\t\t\t<\/div>\n\t\t\t\t<div class=\"elementor-element elementor-element-251df9c animated-slow elementor-invisible elementor-widget elementor-widget-text-editor\" data-id=\"251df9c\" data-element_type=\"widget\" data-settings=\"{&quot;_animation&quot;:&quot;zoomIn&quot;}\" data-widget_type=\"text-editor.default\">\n\t\t\t\t<div class=\"elementor-widget-container\">\n\t\t\t\t\t\t\t\t\t<p style=\"text-align: left;\"><em><strong>6 Kann ich mit dir arbeiten, wenn ich keine Probleme habe?<\/strong><\/em><\/p>\t\t\t\t\t\t\t\t<\/div>\n\t\t\t\t<\/div>\n\t\t\t\t<div class=\"elementor-element elementor-element-8974508 elementor-widget elementor-widget-text-editor\" data-id=\"8974508\" data-element_type=\"widget\" data-widget_type=\"text-editor.default\">\n\t\t\t\t<div class=\"elementor-widget-container\">\n\t\t\t\t\t\t\t\t\t<p style=\"text-align: left;\">Sicher. Du musst keine k\u00f6rperliche, emotionale oder sonstige Herausforderung haben, um mit mir zu arbeiten. Vielleicht interessierst du dich einfach f\u00fcr spirituelles Wissen oder bestimmte Praktiken, oder du m\u00f6chtest dich mit deiner inneren F\u00fchrung oder einer unsichtbaren Welt verbinden. Ich w\u00fcrde mich sehr freuen, dich dabei zu unterst\u00fctzen.\u00a0<\/p>\t\t\t\t\t\t\t\t<\/div>\n\t\t\t\t<\/div>\n\t\t\t\t<div class=\"elementor-element elementor-element-f9d9f3e animated-slow elementor-invisible elementor-widget elementor-widget-text-editor\" data-id=\"f9d9f3e\" data-element_type=\"widget\" data-settings=\"{&quot;_animation&quot;:&quot;zoomIn&quot;}\" data-widget_type=\"text-editor.default\">\n\t\t\t\t<div class=\"elementor-widget-container\">\n\t\t\t\t\t\t\t\t\t<p style=\"text-align: left;\"><em><strong>7 Wie kann ich mich mit meinem H\u00f6heren Selbst verbinden? <\/strong><\/em><\/p>\t\t\t\t\t\t\t\t<\/div>\n\t\t\t\t<\/div>\n\t\t\t\t<div class=\"elementor-element elementor-element-625b1e7 elementor-widget elementor-widget-text-editor\" data-id=\"625b1e7\" data-element_type=\"widget\" data-widget_type=\"text-editor.default\">\n\t\t\t\t<div class=\"elementor-widget-container\">\n\t\t\t\t\t\t\t\t\t<p style=\"text-align: left;\">Dein H\u00f6heres Selbst ist der intuitive, weise Teil von dir, der tiefe Klarheit, F\u00fchrung und inneres Wissen tr\u00e4gt.<\/p><p>Ein sanfter Weg, sich mit ihm zu verbinden, ist mein Angebot, Die 33-T\u00e4gige Ganzheitliche Heilreise. Die Reise ist darauf ausgelegt, Heilung nicht nur auf k\u00f6rperlicher, emotionaler und energetischer Ebene, sondern auch auf spiritueller Ebene zu unterst\u00fctzen. W\u00e4hrend sich deine Energie ausgleicht und dein Bewusstsein sich vertieft, entfaltet sich die spirituelle Verbindung ganz nat\u00fcrlich. Mit der Zeit wirst du m\u00f6glicherweise eine sanfte Ausrichtung mit deinem H\u00f6heren Selbst sp\u00fcren, die seine Weisheit, seinen Frieden und seine Klarheit sanft und m\u00fchelos in dein Leben flie\u00dfen l\u00e4sst.<\/p>\t\t\t\t\t\t\t\t<\/div>\n\t\t\t\t<\/div>\n\t\t\t\t<div class=\"elementor-element elementor-element-e627cbc animated-slow elementor-invisible elementor-widget elementor-widget-text-editor\" data-id=\"e627cbc\" data-element_type=\"widget\" data-settings=\"{&quot;_animation&quot;:&quot;zoomIn&quot;}\" data-widget_type=\"text-editor.default\">\n\t\t\t\t<div class=\"elementor-widget-container\">\n\t\t\t\t\t\t\t\t\t<p style=\"text-align: left;\"><em><strong>8 Warum machst du Heilsitzungen per Zoom, und nicht pers\u00f6nlich, wo wir physisch zusammen sind?<\/strong><\/em><\/p>\t\t\t\t\t\t\t\t<\/div>\n\t\t\t\t<\/div>\n\t\t\t\t<div class=\"elementor-element elementor-element-99ec0e0 elementor-widget elementor-widget-text-editor\" data-id=\"99ec0e0\" data-element_type=\"widget\" data-widget_type=\"text-editor.default\">\n\t\t\t\t<div class=\"elementor-widget-container\">\n\t\t\t\t\t\t\t\t\t<p style=\"text-align: left;\">Energie ist nicht an Zeit und Raum gebunden. Ich arbeite energetisch mit dir, und die Wirkung ist dieselbe, ob du vor mir oder 8.000 km von mir entfernt bist. Auch wenn du dich vielleicht sicherer f\u00fchlst, wenn du physisch bei mir bist, hat das keinen Einfluss auf die Qualit\u00e4t der Heilung.<\/p><p style=\"text-align: left;\">Selbst wenn ich eine Heilsitzung mit dir physisch in einem Raum durchf\u00fchren kann, h\u00e4ngt es von deinem Wohnort ab.<\/p><p style=\"text-align: left;\">Ich habe super Erfahrungen mit Online-Heilsitzungen gemacht, also mach dir bitte keine Sorgen. Ich bin sehr dankbar, dass uns Online-Sitzungen die M\u00f6glichkeit und Flexibilit\u00e4t bieten, unabh\u00e4ngig von Entfernung, Zeit oder finanziellen Umst\u00e4nden miteinander zu arbeiten. Es ist wirklich wundervoll.<\/p><p style=\"text-align: left;\">Wenn du nicht auf Zoom arbeiten m\u00f6chtest, k\u00f6nnen wir auch \u00fcber Internet-Telefonie arbeiten (zum Beispiel \u00fcber WhatsApp, Telegram oder WeChat).<\/p><p style=\"text-align: left;\">Wenn du es immer noch vorzieht, pers\u00f6nlich mit mir in einem Raum zu arbeiten, kontaktiere mich bitte dazu. Je nach Entfernung und finanzieller Situation k\u00f6nnte das manchmal m\u00f6glich sein.\u00a0<\/p>\t\t\t\t\t\t\t\t<\/div>\n\t\t\t\t<\/div>\n\t\t\t\t<div class=\"elementor-element elementor-element-9fa486d animated-slow elementor-invisible elementor-widget elementor-widget-text-editor\" data-id=\"9fa486d\" data-element_type=\"widget\" data-settings=\"{&quot;_animation&quot;:&quot;zoomIn&quot;}\" data-widget_type=\"text-editor.default\">\n\t\t\t\t<div class=\"elementor-widget-container\">\n\t\t\t\t\t\t\t\t\t<p style=\"text-align: left;\"><em><strong>9 Da du aus China stammst und in Deutschland lebst, welche Sprache sprichst du w\u00e4hrend deiner Sitzungen?<\/strong><\/em><\/p>\t\t\t\t\t\t\t\t<\/div>\n\t\t\t\t<\/div>\n\t\t\t\t<div class=\"elementor-element elementor-element-22886a0 elementor-widget elementor-widget-text-editor\" data-id=\"22886a0\" data-element_type=\"widget\" data-widget_type=\"text-editor.default\">\n\t\t\t\t<div class=\"elementor-widget-container\">\n\t\t\t\t\t\t\t\t\t<p style=\"text-align: left;\">Ich spreche Englisch, ebenso Chinesisch und Deutsch.<\/p>\n<p style=\"text-align: left;\">Wenn du keine dieser Sprachen sprichst, h\u00e4ngt es von der Art der gew\u00e4hlten Heilsitzungen ab, ob wir dennoch zusammenarbeiten k\u00f6nnen. Wenn das bei dir der Fall ist, kontaktiere mich bitte. Ich werde mein Bestes tun, um eine L\u00f6sung zu finden, die dich unterst\u00fctzt.<\/p>\t\t\t\t\t\t\t\t<\/div>\n\t\t\t\t<\/div>\n\t\t\t\t<\/div>\n\t\t\t\t<\/div>\n\t\t\t\t\t<\/div>\n\t\t\t\t<\/div>\n\t\t<div class=\"elementor-element elementor-element-cde0ec0 e-flex e-con-boxed e-con e-parent\" data-id=\"cde0ec0\" data-element_type=\"container\" data-settings=\"{&quot;background_background&quot;:&quot;classic&quot;}\">\n\t\t\t\t\t<div class=\"e-con-inner\">\n\t\t\t\t<div class=\"elementor-element elementor-element-0f2443b elementor-widget elementor-widget-heading\" data-id=\"0f2443b\" data-element_type=\"widget\" data-widget_type=\"heading.default\">\n\t\t\t\t<div class=\"elementor-widget-container\">\n\t\t\t\t\t<h3 class=\"elementor-heading-title elementor-size-default\">Noch Fragen?\nBitte kontaktiere mich direkt.\n<\/h3>\t\t\t\t<\/div>\n\t\t\t\t<\/div>\n\t\t\t\t<div class=\"elementor-element elementor-element-adc584d elementor-button-info elementor-align-center animated-slow elementor-widget elementor-widget-button\" data-id=\"adc584d\" data-element_type=\"widget\" data-settings=\"{&quot;_animation&quot;:&quot;none&quot;,&quot;_animation_mobile&quot;:&quot;flash&quot;}\" data-widget_type=\"button.default\">\n\t\t\t\t<div class=\"elementor-widget-container\">\n\t\t\t\t\t\t\t\t\t<div class=\"elementor-button-wrapper\">\n\t\t\t\t\t<a class=\"elementor-button elementor-button-link elementor-size-sm\" href=\"\/de\/contact\/\">\n\t\t\t\t\t\t<span class=\"elementor-button-content-wrapper\">\n\t\t\t\t\t\t\t\t\t<span class=\"elementor-button-text\">Kontakt<\/span>\n\t\t\t\t\t<\/span>\n\t\t\t\t\t<\/a>\n\t\t\t\t<\/div>\n\t\t\t\t\t\t\t\t<\/div>\n\t\t\t\t<\/div>\n\t\t\t\t\t<\/div>\n\t\t\t\t<\/div>\n\t\t\t\t<\/div>","protected":false},"excerpt":{"rendered":"<p>Frequently Asked Questions 1 How can I know what kind of healing sessions I need? You can follow your heart, your inner voice, intuition or the feeling in your lower belly. If you can connect with your higher self, your angels, or your inner guidance, you can also receive insights from them. Otherwise, contact me, and I can help you discover which healing session(s) you truly need. 2 What do you mean by working with the permission of both our higher selves? And why do you do that? Before I work with you, I ask for permission from both my higher self and yours. Once I receive a `yes\u00b4, I can support you with your healing. I work with permission because sometimes you may be in a specific process that I am not allowed to interfere with. 3 How does spiritual healing work? When we work together, depending on the session, I act as a medium, with the spirit world working through me. I transmit the frequency of the healing energy that you can align with. In each session, I am guided by the Divine to support your healing and transformation. 4 What should I do If I don\u00b4t feel that I am healed? I will do my best to help you activate your own healing powers in the guidance of the Divine. Ultimately, your higher self decides whether you can be healed, to what degree you need healing, and when the right time is for your healing. In fact, every disease or problem you face is a message from the spirit world &#8211; please take it as a positive sign from the Divine.\u00a0 Healing is a sacred journey back to yourself. Work on yourself, find the message, and follow the process of inner work and self-healing with trust and faith, then see what unfolds. If you are not healed immediately, you should not give up. Ultimately, it is not about time, but about timing. 5 How many sessions do I need to heal myself? That depends on your issue. Everyone is different. You may need a single session or a combination of different sessions. Most of the time, there\u00b4s too much pressure to figure everything out in just one session. Choose one session to begin, then we will see if it is enough. Otherwise, I can receive your most needed session(s) directly from our higher selves in my meditation. 6 Can I work with you if I don\u00b4t have any issue? Sure. You don\u00b4t need to have a physical, emotional, or any kind of challenge to work with me. You might simply be interested in spiritual knowledge or certain practices, or you may want to connect with your inner guidance or an unseen world. I would be very glad to support you in stepping into that.\u00a0 7 How can I connect with my higher self? Your Higher Self is the intuitive, wise part of you that holds deep clarity, guidance, and inner knowing. One gentle way to connect with it is through my service, The 33-Day Holistic Healing Journey. The journey is designed to support healing not only on the physical, emotional, and energetic levels, but also on the spiritual level. As your energy balances and your awareness deepens, the spiritual connection naturally unfolds. Over time, you may feel a gentle alignment with your Higher Self, allowing its wisdom, peace, and clarity to flow softly and effortlessly into your life. 8 Why do you do healing sessions on zoom, and not in person where we are physically together? Energy is not limited to time and space. I work energetically with you, and the effect is the same whether you are in front of me or 8,000 km away from me. Although you may feel reassured when you are physically present with me, it does not affect the quality of healing. Even though I can do a healing session with you physically in the same room, it depends on where you live. Most of the time, it\u00b4s not practical to fly to Germany due to financial and time constraints. I have had great experiences with online healing sessions, so please don\u2019t worry. I am very grateful that online sessions offer us the opportunity and flexibility to connect and work together, regardless of distance, time or financial circumstances. It is truly miraculous. If you don\u00b4t want to work on zoom, we can also work through internet phone call (such as WhatsApp, Telegram, or WeChat). If you still prefer to work with me in person, please contact me about it. Depending on the distance and financial situation, it might be possible at times.\u00a0 9 Since you are from China and live in Germany, which language do you speak during your sessions? I speak English, as well as Chinese and German. If you don\u00b4t speak any of them, it depends on the type of healing sessions you choose, it is still possible to work together. If this is the case with you, please contact me. I will do my best to find a solution to support you. Still have questions? Please feel free to contact me directly. Contact<\/p>","protected":false},"author":1,"featured_media":0,"parent":0,"menu_order":0,"comment_status":"closed","ping_status":"closed","template":"elementor_header_footer","meta":{"inline_featured_image":false,"_monsterinsights_skip_tracking":false,"_monsterinsights_sitenote_active":false,"_monsterinsights_sitenote_note":"","_monsterinsights_sitenote_category":0,"footnotes":""},"aioseo_notices":[],"_links":{"self":[{"href":"https:\/\/sarahviolethearthealing.com\/de\/wp-json\/wp\/v2\/pages\/42"}],"collection":[{"href":"https:\/\/sarahviolethearthealing.com\/de\/wp-json\/wp\/v2\/pages"}],"about":[{"href":"https:\/\/sarahviolethearthealing.com\/de\/wp-json\/wp\/v2\/types\/page"}],"author":[{"embeddable":true,"href":"https:\/\/sarahviolethearthealing.com\/de\/wp-json\/wp\/v2\/users\/1"}],"replies":[{"embeddable":true,"href":"https:\/\/sarahviolethearthealing.com\/de\/wp-json\/wp\/v2\/comments?post=42"}],"version-history":[{"count":557,"href":"https:\/\/sarahviolethearthealing.com\/de\/wp-json\/wp\/v2\/pages\/42\/revisions"}],"predecessor-version":[{"id":9255,"href":"https:\/\/sarahviolethearthealing.com\/de\/wp-json\/wp\/v2\/pages\/42\/revisions\/9255"}],"wp:attachment":[{"href":"https:\/\/sarahviolethearthealing.com\/de\/wp-json\/wp\/v2\/media?parent=42"}],"curies":[{"name":"wp","href":"https:\/\/api.w.org\/{rel}","templated":true}]}}